{"id":17,"date":"2021-09-08T16:16:18","date_gmt":"2021-09-08T14:16:18","guid":{"rendered":"https:\/\/enotnost.si\/blagovnica\/homepage\/"},"modified":"2021-09-08T16:45:47","modified_gmt":"2021-09-08T14:45:47","slug":"homepage","status":"publish","type":"page","link":"https:\/\/enotnost.si\/blagovnica\/","title":{"rendered":""},"content":{"rendered":"<div data-block-name=\"woocommerce\/product-new\" class=\"wc-block-grid wp-block-product-new wc-block-product-new has-3-columns has-multiple-rows\"><ul class=\"wc-block-grid__products\"><li class=\"wc-block-grid__product\">\n\t\t\t\t<a href=\"https:\/\/enotnost.si\/blagovnica\/product\/majica-fkrali\/\" class=\"wc-block-grid__product-link\">\n\t\t\t\t\t<div class=\"wc-block-grid__product-image\"><img width=\"324\" height=\"324\" src=\"https:\/\/enotnost.si\/blagovnica\/wp-content\/uploads\/sites\/2\/2023\/04\/fkrali-324x324.png\" class=\"attachment-woocommerce_thumbnail size-woocommerce_thumbnail\" alt=\"Majica FKRALI\" decoding=\"async\" loading=\"lazy\" srcset=\"https:\/\/enotnost.si\/blagovnica\/wp-content\/uploads\/sites\/2\/2023\/04\/fkrali-324x324.png 324w, https:\/\/enotnost.si\/blagovnica\/wp-content\/uploads\/sites\/2\/2023\/04\/fkrali-300x300.png 300w, https:\/\/enotnost.si\/blagovnica\/wp-content\/uploads\/sites\/2\/2023\/04\/fkrali-1024x1024.png 1024w, https:\/\/enotnost.si\/blagovnica\/wp-content\/uploads\/sites\/2\/2023\/04\/fkrali-150x150.png 150w, https:\/\/enotnost.si\/blagovnica\/wp-content\/uploads\/sites\/2\/2023\/04\/fkrali-768x768.png 768w, https:\/\/enotnost.si\/blagovnica\/wp-content\/uploads\/sites\/2\/2023\/04\/fkrali-416x416.png 416w, https:\/\/enotnost.si\/blagovnica\/wp-content\/uploads\/sites\/2\/2023\/04\/fkrali-100x100.png 100w, https:\/\/enotnost.si\/blagovnica\/wp-content\/uploads\/sites\/2\/2023\/04\/fkrali.png 1200w\" sizes=\"(max-width: 324px) 100vw, 324px\" \/><\/div>\n\t\t\t\t\t<div class=\"wc-block-grid__product-title\">Majica FKRALI<\/div>\n\t\t\t\t<\/a>\n\t\t\t\t\n\t\t\t\t<div class=\"wc-block-grid__product-price price\"><span class=\"woocommerce-Price-amount amount\">15,00&nbsp;<span class=\"woocommerce-Price-currencySymbol\">&euro;<\/span><\/span><\/div>\n\t\t\t\t\n\t\t\t\t<div class=\"wp-block-button wc-block-grid__product-add-to-cart\"><a href=\"https:\/\/enotnost.si\/blagovnica\/product\/majica-fkrali\/\" aria-label=\"Izberite mo\u017enosti za &ldquo;Majica FKRALI&rdquo;\" data-quantity=\"1\" data-product_id=\"386\" data-product_sku=\"FKRALI-001\" rel=\"nofollow\" class=\"wp-block-button__link wp-element-button add_to_cart_button\">Izberite mo\u017enosti<\/a><\/div>\n\t\t\t<\/li><li class=\"wc-block-grid__product\">\n\t\t\t\t<a href=\"https:\/\/enotnost.si\/blagovnica\/product\/dres-alesa-musica\/\" class=\"wc-block-grid__product-link\">\n\t\t\t\t\t<div class=\"wc-block-grid__product-image\"><img width=\"324\" height=\"324\" src=\"https:\/\/enotnost.si\/blagovnica\/wp-content\/uploads\/sites\/2\/2022\/09\/musicdres-324x324.png\" class=\"attachment-woocommerce_thumbnail size-woocommerce_thumbnail\" alt=\"Dres Ale\u0161a Mu\u0161i\u010da\" decoding=\"async\" loading=\"lazy\" srcset=\"https:\/\/enotnost.si\/blagovnica\/wp-content\/uploads\/sites\/2\/2022\/09\/musicdres-324x324.png 324w, https:\/\/enotnost.si\/blagovnica\/wp-content\/uploads\/sites\/2\/2022\/09\/musicdres-300x300.png 300w, https:\/\/enotnost.si\/blagovnica\/wp-content\/uploads\/sites\/2\/2022\/09\/musicdres-1024x1024.png 1024w, https:\/\/enotnost.si\/blagovnica\/wp-content\/uploads\/sites\/2\/2022\/09\/musicdres-150x150.png 150w, https:\/\/enotnost.si\/blagovnica\/wp-content\/uploads\/sites\/2\/2022\/09\/musicdres-768x768.png 768w, https:\/\/enotnost.si\/blagovnica\/wp-content\/uploads\/sites\/2\/2022\/09\/musicdres-1536x1536.png 1536w, https:\/\/enotnost.si\/blagovnica\/wp-content\/uploads\/sites\/2\/2022\/09\/musicdres-416x416.png 416w, https:\/\/enotnost.si\/blagovnica\/wp-content\/uploads\/sites\/2\/2022\/09\/musicdres-100x100.png 100w, https:\/\/enotnost.si\/blagovnica\/wp-content\/uploads\/sites\/2\/2022\/09\/musicdres.png 2032w\" sizes=\"(max-width: 324px) 100vw, 324px\" \/><\/div>\n\t\t\t\t\t<div class=\"wc-block-grid__product-title\">Dres Ale\u0161a Mu\u0161i\u010da<\/div>\n\t\t\t\t<\/a>\n\t\t\t\t\n\t\t\t\t<div class=\"wc-block-grid__product-price price\"><span class=\"woo-ua-winned-for winning_bid\">Winning Bid<\/span>: <span class=\"woocommerce-Price-amount amount\">210,00&nbsp;<span class=\"woocommerce-Price-currencySymbol\">&euro;<\/span><\/span><\/div>\n\t\t\t\t\n\t\t\t\t<div class=\"wp-block-button wc-block-grid__product-add-to-cart\"><a href=\"https:\/\/enotnost.si\/blagovnica\/product\/dres-alesa-musica\/\" aria-label=\"Preberite si ve\u010d o &ldquo;Dres Ale\u0161a Mu\u0161i\u010da&rdquo;\" data-quantity=\"1\" data-product_id=\"365\" data-product_sku=\"\" rel=\"nofollow\" class=\"wp-block-button__link wp-element-button add_to_cart_button\">Expired<\/a><\/div>\n\t\t\t<\/li><li class=\"wc-block-grid__product\">\n\t\t\t\t<a href=\"https:\/\/enotnost.si\/blagovnica\/product\/majica-sami-sefi\/\" class=\"wc-block-grid__product-link\">\n\t\t\t\t\t<div class=\"wc-block-grid__product-image\"><img width=\"324\" height=\"324\" src=\"https:\/\/enotnost.si\/blagovnica\/wp-content\/uploads\/sites\/2\/2022\/06\/viber_image_2022-06-16_20-34-29-515-324x324.png\" class=\"attachment-woocommerce_thumbnail size-woocommerce_thumbnail\" alt=\"Majica Sami \u0161efi\" decoding=\"async\" loading=\"lazy\" srcset=\"https:\/\/enotnost.si\/blagovnica\/wp-content\/uploads\/sites\/2\/2022\/06\/viber_image_2022-06-16_20-34-29-515-324x324.png 324w, https:\/\/enotnost.si\/blagovnica\/wp-content\/uploads\/sites\/2\/2022\/06\/viber_image_2022-06-16_20-34-29-515-300x300.png 300w, https:\/\/enotnost.si\/blagovnica\/wp-content\/uploads\/sites\/2\/2022\/06\/viber_image_2022-06-16_20-34-29-515-1024x1024.png 1024w, https:\/\/enotnost.si\/blagovnica\/wp-content\/uploads\/sites\/2\/2022\/06\/viber_image_2022-06-16_20-34-29-515-150x150.png 150w, https:\/\/enotnost.si\/blagovnica\/wp-content\/uploads\/sites\/2\/2022\/06\/viber_image_2022-06-16_20-34-29-515-768x768.png 768w, https:\/\/enotnost.si\/blagovnica\/wp-content\/uploads\/sites\/2\/2022\/06\/viber_image_2022-06-16_20-34-29-515-416x416.png 416w, https:\/\/enotnost.si\/blagovnica\/wp-content\/uploads\/sites\/2\/2022\/06\/viber_image_2022-06-16_20-34-29-515-100x100.png 100w, https:\/\/enotnost.si\/blagovnica\/wp-content\/uploads\/sites\/2\/2022\/06\/viber_image_2022-06-16_20-34-29-515.png 1080w\" sizes=\"(max-width: 324px) 100vw, 324px\" \/><\/div>\n\t\t\t\t\t<div class=\"wc-block-grid__product-title\">Majica Sami \u0161efi<\/div>\n\t\t\t\t<\/a>\n\t\t\t\t\n\t\t\t\t<div class=\"wc-block-grid__product-price price\"><span class=\"woocommerce-Price-amount amount\">25,00&nbsp;<span class=\"woocommerce-Price-currencySymbol\">&euro;<\/span><\/span><\/div>\n\t\t\t\t\n\t\t\t\t<div class=\"wp-block-button wc-block-grid__product-add-to-cart\"><a href=\"https:\/\/enotnost.si\/blagovnica\/product\/majica-sami-sefi\/\" aria-label=\"Izberite mo\u017enosti za &ldquo;Majica Sami \u0161efi&rdquo;\" data-quantity=\"1\" data-product_id=\"281\" data-product_sku=\"ENOT-002\" rel=\"nofollow\" class=\"wp-block-button__link wp-element-button add_to_cart_button\">Izberite mo\u017enosti<\/a><\/div>\n\t\t\t<\/li><li class=\"wc-block-grid__product\">\n\t\t\t\t<a href=\"https:\/\/enotnost.si\/blagovnica\/product\/zbirka-kolumn-zbirateljska-izdaja\/\" class=\"wc-block-grid__product-link\">\n\t\t\t\t\t<div class=\"wc-block-grid__product-image\"><img width=\"324\" height=\"324\" src=\"https:\/\/enotnost.si\/blagovnica\/wp-content\/uploads\/sites\/2\/2022\/03\/kolumne-zbirateljska-324x324.png\" class=\"attachment-woocommerce_thumbnail size-woocommerce_thumbnail\" alt=\"ZBIRATELJSKA IZDAJA 3:0 b.b., zbirka kolumn o slovenskem nogometu\" decoding=\"async\" loading=\"lazy\" srcset=\"https:\/\/enotnost.si\/blagovnica\/wp-content\/uploads\/sites\/2\/2022\/03\/kolumne-zbirateljska-324x324.png 324w, https:\/\/enotnost.si\/blagovnica\/wp-content\/uploads\/sites\/2\/2022\/03\/kolumne-zbirateljska-300x300.png 300w, https:\/\/enotnost.si\/blagovnica\/wp-content\/uploads\/sites\/2\/2022\/03\/kolumne-zbirateljska-150x150.png 150w, https:\/\/enotnost.si\/blagovnica\/wp-content\/uploads\/sites\/2\/2022\/03\/kolumne-zbirateljska-768x768.png 768w, https:\/\/enotnost.si\/blagovnica\/wp-content\/uploads\/sites\/2\/2022\/03\/kolumne-zbirateljska-416x416.png 416w, https:\/\/enotnost.si\/blagovnica\/wp-content\/uploads\/sites\/2\/2022\/03\/kolumne-zbirateljska-100x100.png 100w, https:\/\/enotnost.si\/blagovnica\/wp-content\/uploads\/sites\/2\/2022\/03\/kolumne-zbirateljska.png 1000w\" sizes=\"(max-width: 324px) 100vw, 324px\" \/><\/div>\n\t\t\t\t\t<div class=\"wc-block-grid__product-title\">ZBIRATELJSKA IZDAJA 3:0 b.b., zbirka kolumn o slovenskem nogometu<\/div>\n\t\t\t\t<\/a>\n\t\t\t\t\n\t\t\t\t<div class=\"wc-block-grid__product-price price\"><span class=\"woocommerce-Price-amount amount\">25,00&nbsp;<span class=\"woocommerce-Price-currencySymbol\">&euro;<\/span><\/span><\/div>\n\t\t\t\t\n\t\t\t\t<div class=\"wp-block-button wc-block-grid__product-add-to-cart\"><a href=\"https:\/\/enotnost.si\/blagovnica\/product\/zbirka-kolumn-zbirateljska-izdaja\/\" aria-label=\"Preberite si ve\u010d o &ldquo;ZBIRATELJSKA IZDAJA 3:0 b.b., zbirka kolumn o slovenskem nogometu&rdquo;\" data-quantity=\"1\" data-product_id=\"219\" data-product_sku=\"ENOT-001A\" rel=\"nofollow\" class=\"wp-block-button__link wp-element-button add_to_cart_button\">Beri dalje<\/a><\/div>\n\t\t\t<\/li><li class=\"wc-block-grid__product\">\n\t\t\t\t<a href=\"https:\/\/enotnost.si\/blagovnica\/product\/zbirka-kolumn-mehka-vezava\/\" class=\"wc-block-grid__product-link\">\n\t\t\t\t\t<div class=\"wc-block-grid__product-image\"><img width=\"324\" height=\"324\" src=\"https:\/\/enotnost.si\/blagovnica\/wp-content\/uploads\/sites\/2\/2022\/03\/kolumne-mehka-324x324.png\" class=\"attachment-woocommerce_thumbnail size-woocommerce_thumbnail\" alt=\"3:0 b.b., zbirka kolumn o slovenskem nogometu\" decoding=\"async\" loading=\"lazy\" srcset=\"https:\/\/enotnost.si\/blagovnica\/wp-content\/uploads\/sites\/2\/2022\/03\/kolumne-mehka-324x324.png 324w, https:\/\/enotnost.si\/blagovnica\/wp-content\/uploads\/sites\/2\/2022\/03\/kolumne-mehka-300x300.png 300w, https:\/\/enotnost.si\/blagovnica\/wp-content\/uploads\/sites\/2\/2022\/03\/kolumne-mehka-150x150.png 150w, https:\/\/enotnost.si\/blagovnica\/wp-content\/uploads\/sites\/2\/2022\/03\/kolumne-mehka-768x768.png 768w, https:\/\/enotnost.si\/blagovnica\/wp-content\/uploads\/sites\/2\/2022\/03\/kolumne-mehka-416x416.png 416w, https:\/\/enotnost.si\/blagovnica\/wp-content\/uploads\/sites\/2\/2022\/03\/kolumne-mehka-100x100.png 100w, https:\/\/enotnost.si\/blagovnica\/wp-content\/uploads\/sites\/2\/2022\/03\/kolumne-mehka.png 1000w\" sizes=\"(max-width: 324px) 100vw, 324px\" \/><\/div>\n\t\t\t\t\t<div class=\"wc-block-grid__product-title\">3:0 b.b., zbirka kolumn o slovenskem nogometu<\/div>\n\t\t\t\t<\/a>\n\t\t\t\t\n\t\t\t\t<div class=\"wc-block-grid__product-price price\"><span class=\"woocommerce-Price-amount amount\">15,00&nbsp;<span class=\"woocommerce-Price-currencySymbol\">&euro;<\/span><\/span><\/div>\n\t\t\t\t\n\t\t\t\t<div class=\"wp-block-button wc-block-grid__product-add-to-cart\"><a href=\"?add-to-cart=217\" aria-label=\"Dodajte &ldquo;3:0 b.b., zbirka kolumn o slovenskem nogometu&rdquo; v ko\u0161arico\" data-quantity=\"1\" data-product_id=\"217\" data-product_sku=\"ENOT-001B\" rel=\"nofollow\" class=\"wp-block-button__link wp-element-button add_to_cart_button ajax_add_to_cart\">Dodaj v ko\u0161arico<\/a><\/div>\n\t\t\t<\/li><li class=\"wc-block-grid__product\">\n\t\t\t\t<a href=\"https:\/\/enotnost.si\/blagovnica\/product\/majica-astronavt\/\" class=\"wc-block-grid__product-link\">\n\t\t\t\t\t<div class=\"wc-block-grid__product-image\"><img width=\"324\" height=\"324\" src=\"https:\/\/enotnost.si\/blagovnica\/wp-content\/uploads\/sites\/2\/2021\/09\/majica-astronavt-324x324.png\" class=\"attachment-woocommerce_thumbnail size-woocommerce_thumbnail\" alt=\"Majica Astronavt\" decoding=\"async\" loading=\"lazy\" srcset=\"https:\/\/enotnost.si\/blagovnica\/wp-content\/uploads\/sites\/2\/2021\/09\/majica-astronavt-324x324.png 324w, https:\/\/enotnost.si\/blagovnica\/wp-content\/uploads\/sites\/2\/2021\/09\/majica-astronavt-150x150.png 150w, https:\/\/enotnost.si\/blagovnica\/wp-content\/uploads\/sites\/2\/2021\/09\/majica-astronavt-100x100.png 100w\" sizes=\"(max-width: 324px) 100vw, 324px\" \/><\/div>\n\t\t\t\t\t<div class=\"wc-block-grid__product-title\">Majica Astronavt<\/div>\n\t\t\t\t<\/a>\n\t\t\t\t\n\t\t\t\t<div class=\"wc-block-grid__product-price price\"><\/div>\n\t\t\t\t\n\t\t\t\t<div class=\"wp-block-button wc-block-grid__product-add-to-cart\"><a href=\"https:\/\/enotnost.si\/blagovnica\/product\/majica-astronavt\/\" aria-label=\"Izberite mo\u017enosti za &ldquo;Majica Astronavt&rdquo;\" data-quantity=\"1\" data-product_id=\"33\" data-product_sku=\"TDOFC-002\" rel=\"nofollow\" class=\"wp-block-button__link wp-element-button add_to_cart_button\">Beri dalje<\/a><\/div>\n\t\t\t<\/li><li class=\"wc-block-grid__product\">\n\t\t\t\t<a href=\"https:\/\/enotnost.si\/blagovnica\/product\/majica-tdofc\/\" class=\"wc-block-grid__product-link\">\n\t\t\t\t\t<div class=\"wc-block-grid__product-image\"><img width=\"324\" height=\"324\" src=\"https:\/\/enotnost.si\/blagovnica\/wp-content\/uploads\/sites\/2\/2021\/09\/majica-tdofc-324x324.png\" class=\"attachment-woocommerce_thumbnail size-woocommerce_thumbnail\" alt=\"Majica TDOFC\" decoding=\"async\" loading=\"lazy\" srcset=\"https:\/\/enotnost.si\/blagovnica\/wp-content\/uploads\/sites\/2\/2021\/09\/majica-tdofc-324x324.png 324w, https:\/\/enotnost.si\/blagovnica\/wp-content\/uploads\/sites\/2\/2021\/09\/majica-tdofc-150x150.png 150w, https:\/\/enotnost.si\/blagovnica\/wp-content\/uploads\/sites\/2\/2021\/09\/majica-tdofc-100x100.png 100w\" sizes=\"(max-width: 324px) 100vw, 324px\" \/><\/div>\n\t\t\t\t\t<div class=\"wc-block-grid__product-title\">Majica TDOFC<\/div>\n\t\t\t\t<\/a>\n\t\t\t\t<div class=\"wc-block-grid__product-onsale\">\n\t\t\t<span aria-hidden=\"true\">Akcija<\/span>\n\t\t\t<span class=\"screen-reader-text\">Izdelki v akciji<\/span>\n\t\t<\/div>\n\t\t\t\t<div class=\"wc-block-grid__product-price price\"><del aria-hidden=\"true\"><span class=\"woocommerce-Price-amount amount\">20,00&nbsp;<span class=\"woocommerce-Price-currencySymbol\">&euro;<\/span><\/span><\/del> <ins><span class=\"woocommerce-Price-amount amount\">10,00&nbsp;<span class=\"woocommerce-Price-currencySymbol\">&euro;<\/span><\/span><\/ins><\/div>\n\t\t\t\t\n\t\t\t\t<div class=\"wp-block-button wc-block-grid__product-add-to-cart\"><a href=\"https:\/\/enotnost.si\/blagovnica\/product\/majica-tdofc\/\" aria-label=\"Izberite mo\u017enosti za &ldquo;Majica TDOFC&rdquo;\" data-quantity=\"1\" data-product_id=\"15\" data-product_sku=\"TDOFC-001\" rel=\"nofollow\" class=\"wp-block-button__link wp-element-button add_to_cart_button\">Izberite mo\u017enosti<\/a><\/div>\n\t\t\t<\/li><\/ul><\/div>\n\n","protected":false},"excerpt":{"rendered":"","protected":false},"author":1,"featured_media":0,"parent":0,"menu_order":0,"comment_status":"closed","ping_status":"closed","template":"template-fullwidth.php","meta":[],"_links":{"self":[{"href":"https:\/\/enotnost.si\/blagovnica\/wp-json\/wp\/v2\/pages\/17"}],"collection":[{"href":"https:\/\/enotnost.si\/blagovnica\/wp-json\/wp\/v2\/pages"}],"about":[{"href":"https:\/\/enotnost.si\/blagovnica\/wp-json\/wp\/v2\/types\/page"}],"author":[{"embeddable":true,"href":"https:\/\/enotnost.si\/blagovnica\/wp-json\/wp\/v2\/users\/1"}],"replies":[{"embeddable":true,"href":"https:\/\/enotnost.si\/blagovnica\/wp-json\/wp\/v2\/comments?post=17"}],"version-history":[{"count":2,"href":"https:\/\/enotnost.si\/blagovnica\/wp-json\/wp\/v2\/pages\/17\/revisions"}],"predecessor-version":[{"id":24,"href":"https:\/\/enotnost.si\/blagovnica\/wp-json\/wp\/v2\/pages\/17\/revisions\/24"}],"wp:attachment":[{"href":"https:\/\/enotnost.si\/blagovnica\/wp-json\/wp\/v2\/media?parent=17"}],"curies":[{"name":"wp","href":"https:\/\/api.w.org\/{rel}","templated":true}]}}