{"id":61,"date":"2021-09-13T12:40:03","date_gmt":"2021-09-13T10:40:03","guid":{"rendered":"https:\/\/enotnost.si\/blagovnica\/?page_id=61"},"modified":"2021-09-13T12:40:05","modified_gmt":"2021-09-13T10:40:05","slug":"politika-zasebnosti","status":"publish","type":"page","link":"https:\/\/enotnost.si\/blagovnica\/politika-zasebnosti\/","title":{"rendered":"Politika zasebnosti"},"content":{"rendered":"\n<p>Pravna solata, brez katere ne gre. Na kratko: mi smo, vi tudi, to je trgovina in naj se pi\u0161emo Tavares, \u010de si slu\u010dajno privo\u0161\u010dimo kako hudo ne\u010dednost. Tko.<\/p>\n\n\n\n<p>Namen Politike zasebnosti je, da vam na enostaven na\u010din predstavimo osebne podatke, ki jih zbiramo o vas, na katerih podlagah in za katere namene jih obdelujemo, mo\u017enosti glede upravljanja nastavitev va\u0161e zasebnosti ter da vam predstavimo va\u0161e pravice v zvezi z osebnimi podatki.<\/p>\n\n\n\n<p>Politika zasebnosti je skladna z Uredbo (EU) 2016\/679 Evropskega parlamenta in Sveta z dne 27. aprila 2016 o varstvu posameznikov pri obdelavi osebnih podatkov in o prostem pretoku takih podatkov ter o razveljavitvi Direktive 95\/46\/ES (v nadaljevanju Splo\u0161na uredba o varstvu osebnih podatkov) in zakonodajo Republike Slovenije ter zajema naslednje informacije:<\/p>\n\n\n\n<ul><li>kontaktne informacije Enotnosti in kontakt poobla\u0161\u010dene osebe za varstvo podatkov,<\/li><\/ul>\n\n\n\n<ul><li>pravne podlage in nameni obdelave osebnih podatkov,<\/li><\/ul>\n\n\n\n<ul><li>vrste osebnih podatkov, ki jih zbiramo,<\/li><\/ul>\n\n\n\n<ul><li>uporabo pi\u0161kotkov in sorodnih tehnologij,<\/li><\/ul>\n\n\n\n<ul><li>upravljanje nastavitev zasebnosti,<\/li><\/ul>\n\n\n\n<ul><li>posredovanje osebnih podatkov,<\/li><\/ul>\n\n\n\n<ul><li>roke hrambe osebnih podatkov,<\/li><\/ul>\n\n\n\n<ul><li>varstvo osebnih podatkov,<\/li><\/ul>\n\n\n\n<ul><li>pravice posameznikov v zvezi z osebnimi podatki, vklju\u010dno s pravico do prito\u017ebe,<\/li><\/ul>\n\n\n\n<ul><li>spremembe politike zasebnosti.<\/li><\/ul>\n\n\n\n<p><\/p>\n\n\n\n<p>UPRAVLJALEC IN KONTAKT<\/p>\n\n\n\n<p>Upravljalec osebnih podatkov je Kulturno-prosvetno dru\u0161tvo Enotnost, Tbilisijska 59, 1000 Ljubljana, v nadaljevanju \u00bbEnotnost\u00ab. V stik z nami lahko stopite prek e-po\u0161te, in sicer naslova info afna enotnost pika si ali blagovnica afna enotnost pika si.<\/p>\n\n\n\n<p><\/p>\n\n\n\n<p>PRAVNE PODLAGE IN NAMENI OBDELAVE<\/p>\n\n\n\n<p>Vsi zbrani osebni podatki so varovani skladno z zakonom, uporabljani zgolj za potrebe nemotenega delovanja trgovine in izpolnjevanja naro\u010dil, ter ne bodo posredovani nikomur.<\/p>\n\n\n\n<p><\/p>\n\n\n\n<p>OSEBNI PODATKI, KI JIH ZBIRAMO<\/p>\n\n\n\n<p>Zbiramo podatke v kolikor se vi ali drugi odlo\u010dijo deliti te osebne podatke z nami. Podatke prejmemo na ve\u010d na\u010dinov, vklju\u010dno z nakupovanjem v spletni prodajalni, s prijavo na e-novice (neposredno tr\u017eenje) in registracijo uporabni\u0161kega profila v spletni prodajalni.<\/p>\n\n\n\n<p>Osebni podatki, ki jih zbiramo:<\/p>\n\n\n\n<ul><li>osnovni osebni podatki kot so: ime in priimek, datum rojstva, elektronski naslov, naslov prebivali\u0161\u010da (ulica, \u0161tevilka ulice, po\u0161tna \u0161tevilka, kraj, dr\u017eava), naslov za dostavo (ulica, \u0161tevilka ulice, po\u0161tna \u0161tevilka, kraj, dr\u017eava), telefonska \u0161tevilka in geslo za zagotovitev varnosti in uporabe na\u0161ih storitev;<\/li><\/ul>\n\n\n\n<ul><li>podatki o uporabni\u0161kem ra\u010dunu spletne prodajalne, ko se odlo\u010dite za posredovanje va\u0161ih podatkov preko spletnega profila, poleg osnovnih osebnih podatkov, ki nam jih posredujete ob registraciji, zbiramo tudi osebne podatke kot so vsebine in podatki (informacije), ki jih nalo\u017eite na uporabni\u0161ki ra\u010dun ali objavite, po\u0161iljate, posredujete ali druga\u010de delite z uporabo spletne prodajalne (npr. komentarji, ipd.);<\/li><\/ul>\n\n\n\n<ul><li>podatke o nakupu in na\u010dinu pla\u010dila;<\/li><\/ul>\n\n\n\n<ul><li>zbiramo tehni\u010dne informacije va\u0161ega brskalnika, ra\u010dunalnika ali mobilne naprave, ko dostopate do storitev.<\/li><\/ul>\n\n\n\n<p><\/p>\n\n\n\n<p>PI\u0160KOTKI<\/p>\n\n\n\n<p>Ko uporabljate na\u0161e spletne storitve se na va\u0161 ra\u010dunalnik nalo\u017eijo pi\u0161kotki. Na splo\u0161no pi\u0161kotki in sorodne tehnologije delujejo tako, da v brskalnik ali napravo dodeli edinstveno \u0161tevilko, ki nima nobenega pomena zunaj Enotnosti.<\/p>\n\n\n\n<p>Enotnost uporablja te tehnologije za prilagoditev izku\u0161nje in za pomo\u010d pri zagotavljanju vsebine, ki je specifi\u010dna za va\u0161o uporabo.<\/p>\n\n\n\n<p>Za upravljanje zbiranja informacij preko pi\u0161kotkov ali sorodnih tehnologij lahko uporabite nastavitve v va\u0161em brskalniku ali mobilni napravi. Enotnost se zavezuje, da vam bo omogo\u010dila upravljanje zasebnosti in skupne rabe, vendar ne prevzema odgovornost za zgre\u0161ene \u00bbDo Not Track\u00ab signale preko spletnega brskalnika. Zavrnitev pi\u0161kotkov lahko povzro\u010di, da vam nekatere funkcije ponujenih storitev morda ne bodo na voljo.<\/p>\n\n\n\n<p><\/p>\n\n\n\n<p>UPRAVLJANJE NASTAVITEV V UPORABNI\u0160KEM PROFILU<\/p>\n\n\n\n<p><strong>Posodobitve uporabni\u0161kega profila<\/strong><\/p>\n\n\n\n<p>Posameznik je dol\u017ean posredovati to\u010dne in popolne podatke. Va\u0161e morebitne spremembe osebnih podatkov v uporabni\u0161kem profilu spletne prodajalne lahko prijavljeni uporabnik posodobi, prilagodi oz. spremeni v nastavitvah uporabni\u0161kega profila.<\/p>\n\n\n\n<p>Spremembe osebnih podatkov lahko sporo\u010dite tudi v elektronskem sporo\u010dilu na naslov blagovnica afna enotnost pika si.<\/p>\n\n\n\n<p><strong>Zaprtje uporabni\u0161kega ra\u010duna<\/strong><\/p>\n\n\n\n<p>V kolikor \u017eelite zapreti va\u0161 uporabni\u0161ki profil spletne prodajalne, lahko to kadarkoli storite s posredovanjem zahteve za zaprtje uporabni\u0161kega ra\u010duna na kontaktni naslov, pisni zahtevi je potrebno predlo\u017eiti dokazilo o identiteti in naslovu. Profil bo zaprt v roku 10 delovnih dni po pridobitvi pisne zahteve posameznika in dokazil o njegovi istovetnosti.<\/p>\n\n\n\n<p>Zaprtje uporabni\u0161kega profila spletne trgovine ne pomeni preklica soglasja (odjave) od prejemanja obvestil neposrednega tr\u017eenja.<\/p>\n\n\n\n<p>Zaprtje uporabni\u0161kega profila tudi ne pomeni izbrisa va\u0161ih osebnih podatkov iz baze.<\/p>\n\n\n\n<p>Upo\u0161tevajte, da nekaterih osebnih podatkov o vas, ki jih obdelujemo na podlagi pogodbe o nakupu, ne smemo izbrisati. V skladu s predpisi s podro\u010dja dav\u010dnega prava podatke hranimo 10 let od izvedbe naro\u010dila oziroma re\u0161itve reklamacije ali vrnitve izdelka.<\/p>\n\n\n\n<p>Obenem se morate zavedati, da lahko va\u0161e objave iz \u010dasa aktivnega uporabni\u0161kega profila ostanejo vidne tudi po zaprtju uporabni\u0161kega profila (npr. komentarji pri izdelkih v spletni prodajalni).<\/p>\n\n\n\n<p><\/p>\n\n\n\n<p>ROKI HRAMBE OSEBNIH PODATKOV<\/p>\n\n\n\n<p>Osebne podatke hranimo tako dolgo, kot je potrebno za zagotovitev na\u0161ih storitev oziroma dlje, v kolikor obstajajo zakonske obveznosti.<\/p>\n\n\n\n<p>Osebni podatki povezani z va\u0161im uporabni\u0161kim ra\u010dunom se hranijo do zahteve po izbrisu, pri \u010demer se podatki, vezani na nakup, ki ga je uporabnik izvedel v spletni trgovini, ohranijo. Zaprtje uporabni\u0161kega ra\u010duna lahko izvedete sami v nastavitvah uporabni\u0161kega ra\u010duna ali pa nas zaprosite za izbris. Zaprtje uporabni\u0161kega ra\u010duna in&nbsp; izbris va\u0161ih osebnih podatkov lahko traja do 10 delovnih dni od popolne zahteve.&nbsp; Upo\u0161tevajte, da lahko nekatere podatke iz zaprtih ra\u010dunov obdr\u017eimo v skladu z zakonom, za prepre\u010devanje goljufij, za izterjavo dolgov, re\u0161evanje sporov, odpravljanje te\u017eav, pomagamo pri preiskavi pristojnih organov, uveljavljamo pogoje uporabe storitev in sprejemamo druge ukrepe, ki jih dopu\u0161\u010da zakon. Podatki, ki jih obdr\u017eimo bodo obravnavani v skladu s to politiko zasebnosti.<\/p>\n\n\n\n<p>Podatki v zvezi pla\u010dilom nakupa v spletni trgovine in z njimi povezani kontaktni podatki o posameznikih se lahko za namen izpolnjevanja pogodbenih obveznosti hranijo do popolnega pla\u010dila storitev oz. do morebitnega izteka zastaralnega roka v zvezi s posamezno terjatvijo, ki lahko po zakonu zna\u0161a do petih let. Skladno z dav\u010dnimi predpisi se izdani ra\u010duni se hranijo \u0161e 10 let po poteku leta, v katerem je izdan ra\u010dun.<\/p>\n\n\n\n<p>Osebne podatke, ki so pridobljeni na podlagi soglasja, hranimo vse do preklica soglasja, vendar najve\u010d 8 let.<\/p>\n\n\n\n<p><\/p>\n\n\n\n<p>VARSTVO OSEBNIH PODATKOV<\/p>\n\n\n\n<p>Izvajamo ve\u010d tehni\u010dnih in organizacijskih ukrepov za zagotavljanje varnosti osebnih podatkov med zbiranjem, prenosom in shranjevanjem. Enotnost si prizadeva primerno varovati va\u0161e osebne podatke, vendar ne jam\u010dimo popolne varnosti osebnih podatkov, ki nam jih posredujete, in ne odgovarjamo za krajo, uni\u010denje, izgubo, namerno ali nenamerno razkritje va\u0161ih osebnih podatkov ali informacij o vas. Enotnost upo\u0161teva splo\u0161no sprejete standarde za za\u0161\u010dito prejetih informacij tako med prenosom kot po njihovem prejetju, vendar noben na\u010din elektronskega prenosa ali shranjevanja ni 100 % varen, zato ne moremo zagotoviti popolne varnosti. Enotnost uporablja tehnologijo SSL (Secure Sockets Layer), ki zagotavlja \u0161ifriranje osebnih podatkov in podatkov kreditnih kartic. Enotnost sodeluje s podjetjem, ki zagotavlja varnost na\u0161ih storitev in va\u0161ih osebnih podatkov.<\/p>\n\n\n\n<p>Za varovanje podatkov je odgovoren tudi uporabnik sam z ustreznim zagotavljanjem varnosti svoje mobilne naprave ali ra\u010dunalnika kot tudi z varovanjem uporabni\u0161kega imena, gesla ter ustrezno programsko (protivirusno) za\u0161\u010dito svoje elektronske naprave. Da bi zagotovili u\u010dinkovitost teh ukrepov pri prepre\u010devanju nepoobla\u0161\u010denega dostopa do va\u0161ih osebnih podatkov, se morate zavedati varnostnih funkcij, ki so vam na voljo prek va\u0161ega brskalnika. Uporabljajte brskalnik, ki omogo\u010da nastavitev varnostnih funkcij preden posredujete va\u0161e osebne podatke ali podatke kreditnih kartic preko interneta. Upo\u0161tevajte dejstvo, da v kolikor uporabljate brskalnik, ki ne podpira uporabe SSL tehnologije, je lahko tak prenos osebnih podatkov tvegan.<\/p>\n\n\n\n<p>Ve\u010dina brskalnikov omogo\u010da obve\u0161\u010danje v kolikor se nahajate na spletni strani, ki ne zagotavlja varne povezave, ali v kolikor po\u0161iljate podatke prek nezavarovane povezave. Enotnost vam priporo\u010da, da omogo\u010dite te funkcije va\u0161ega brskalnika s \u010dimer boste pripomogli k varnosti va\u0161ih osebnih podatkov. Prav tako lahko spremljate naslov na katerem se nahajate (URL). Varni spletni naslovi se za\u010dnejo z https:\/\/ namesto http:\/\/, skupaj s simbolom za varno povezavo, ki ga uporablja va\u0161 brskalnik (po navadi je tak simbol klju\u010davnica na za\u010detku spletnega naslova). Tak simbol nakazuje uporabo varne komunikacije s stre\u017enikom. Prosimo vas, da obenem preverite podrobnosti (veljavnost) varnostnega certifikata spletnega mesta kjer se nahajate.<\/p>\n\n\n\n<p><\/p>\n\n\n\n<p><strong>Omejitev odgovornosti\u00a0<\/strong><\/p>\n\n\n\n<p>Enotnost se zavezuje k varovanju osebnih podatkov in informacij o vas, vendar pa nobena povezava preko interneta ne more biti 100 % varna in ne more garantirati popolne varnosti podatkov, ki nam jih posredujete. Va\u0161e osebne podatke nam posredujete na lastno odgovornost.<\/p>\n\n\n\n<p><\/p>\n\n\n\n<p>PRAVICE POSAMEZNIKOV<\/p>\n\n\n\n<p>Enotnost zagotavlja uresni\u010devanje pravic posameznikov, na katere se nana\u0161ajo osebni podatki.\u00a0 Zahteve posameznika v zvezi z uresni\u010devanjem pravic se po\u0161ljejo na elektronski naslov blagovnica afna enotnost pika si. Posameznik je dol\u017ean zahtevi, ki ni posredovana iz e-naslova registriranega uporabnika, predlo\u017eiti dokazilo o identiteti in\/ali naslovu. Enotnost bo na va\u0161o zahtevo odgovorila skladu z veljavnimi predpisi.<\/p>\n\n\n\n<p>Posameznik ima v zvezi osebnimi podatki naslednje pravice:<\/p>\n\n\n\n<p>Pravica do dostopa do podatkov<\/p>\n\n\n\n<p>Posameznik lahko kadarkoli zahtevata, da mu Enotnost potrdi, ali se obdelujejo podatki v zvezi z njim, ter \u010de da, omogo\u010di dostop do osebnih podatkov ter poda informacije v zvezi z obdelavo njegovih osebnih podatkov (npr. o namenu obdelave, vrsti osebnih podatkov, uporabnikih, katerim so bili ali jim bodo posredovani osebni podatki, predvidenem obdobju hrambe podatkov, o tehni\u010dnih in organizacijskih ukrepih za varovanje podatkov, idr.).<\/p>\n\n\n\n<p><strong>Pravica do popravka<\/strong><\/p>\n\n\n\n<p>Posameznik lahko kadarkoli zahteva, da mu Enotnost omogo\u010di popravek neto\u010dnih osebnih podatkov v zvezi z njim in dopolnitev nepopolnih osebnih podatkov.<\/p>\n\n\n\n<p>Prijavljeni uporabniki lahko to storijo preko nastavitev svojega uporabni\u0161kega profila v spletni prodajalni.<\/p>\n\n\n\n<p><strong>Pravica do izbrisa<\/strong><\/p>\n\n\n\n<p>Skladno s pogoji, kot jih podrobneje dolo\u010dajo veljavni predpisi, lahko posameznik kadarkoli zahteva, da mu Enotnost omogo\u010di pravico do izbrisa osebnih podatkov (t.i. pravica do pozabe).<\/p>\n\n\n\n<p><strong>Pravica do omejitve obdelave<\/strong><\/p>\n\n\n\n<p>Skladno s pogoji, kot jih podrobneje dolo\u010dajo veljavni predpisi, lahko posameznik kadarkoli zahteva, da mu Enotnost omogo\u010di pravico do omejitev obdelave osebnih podatkov. Prijavljeni uporabniki spletnih storitev lahko to storite v nastavitvah svojega uporabni\u0161kega profila.<\/p>\n\n\n\n<p>Upo\u0161tevajte, da v primeru omejitve obdelave dolo\u010denih osebnih podatkov morda ne bomo mogli zagotoviti popolne storitve.<\/p>\n\n\n\n<p><strong>Pravica do prenosljivosti podatkov<\/strong><\/p>\n\n\n\n<p>Posameznik lahko kadarkoli zahteva, da mu Enotnost omogo\u010di, da osebne podatke v strukturirani, splo\u0161no uporabljeni in strojno berljivi obliki, posreduje posamezniku ali prenese na upravljavca po posameznikovem izboru (\u010de je tehni\u010dno izvedljivo), pod pogoji, kot jih podrobneje dolo\u010dajo veljavni predpisi.<\/p>\n\n\n\n<p><strong>Pravica do ugovora<\/strong><\/p>\n\n\n\n<p>V primeru, da Enotnost obdeluje osebne podatke na podlagi zakonitih interesov, kot je bilo predstavljeno zgoraj, lahko posameznik v dolo\u010denih primerih taki obdelavi ugovarja. Enotnost bo prenehala obdelovati te osebne podatke, razen \u010de presodi, da ima utemeljene in legitimne razloge za nadaljevanje obdelave ali \u010de je obdelava potrebna iz pravnih razlogov.<\/p>\n\n\n\n<p>Ugovor zoper obdelavo osebnih podatkov za namene neposrednega tr\u017eenja se lahko izvede tudi s preklicem soglasja za prejemanje obvestil tako, s klikom na gumb &#8216;odjava&#8217;, ki se nahaja na dnu elektronskega sporo\u010dila&nbsp; oz. da sledi navodilom v vsakokrat poslanem obvestilu.<\/p>\n\n\n\n<p><strong>Preklic soglasja<\/strong><\/p>\n\n\n\n<p>Posameznik lahko kadarkoli prekli\u010de soglasje, v primerih, ko je podal soglasje za dolo\u010den namen obdelave va\u0161ih osebnih podatkov.<\/p>\n\n\n\n<p>Prijavljeni uporabniki lahko preklic soglasja izvedejo v nastavitvah uporabni\u0161kega profila.<\/p>\n\n\n\n<p>Preklic soglasja ne vpliva na zakonitost obdelave osebnih podatkov, ki se je izvajala do njenega preklica.<\/p>\n\n\n\n<p><strong>Pravica do prito\u017ebe nadzornemu organu<\/strong><\/p>\n\n\n\n<p>Posameznik ima pravico vlo\u017eiti prito\u017ebo Informacijskemu poobla\u0161\u010dencu, v kolikor meni, da se njegovi osebni podatki obdelujejo v nasprotju z veljavnimi predpisi, ki urejajo varstvo osebnih podatkov. Postopek prito\u017ebe pri nadzornem organu je objavljen na spletni strani nadzornega organa.<\/p>\n\n\n\n<p><\/p>\n\n\n\n<p>SPREMEMBE POLITIKE ZASEBNOSTI<\/p>\n\n\n\n<p>Enotnost si pridru\u017euje pravico do spremembe politike zasebnosti glede na razmere in zakonodajo s podro\u010dja varstva osebnih podatkov. Prosimo vas, da jo ob\u010dasno pregledate.<\/p>\n\n\n\n<p>O vseh spremembah glede obdelave va\u0161ih osebnih podatkov in\/ali spremembe (posodobitve) politike zasebnosti, vas bomo ustrezno predhodno obvestili. Prav tako bodo spremembe politike zasebnosti&nbsp; pravo\u010dasno objavljena na na\u0161ih spletnih straneh.<\/p>\n\n\n\n<p>V kolikor ne sogla\u0161ate s politiko o zasebnosti, vas prosimo, da prenehate z uporabo na\u0161ih spletnih storitev in zaprete svoj uporabni\u0161ki profil oz. prekli\u010dete podana soglasja.<\/p>\n","protected":false},"excerpt":{"rendered":"<p>Pravna solata, brez katere ne gre. Na kratko: mi smo, vi tudi, to je trgovina in naj se pi\u0161emo Tavares, \u010de si slu\u010dajno privo\u0161\u010dimo kako hudo ne\u010dednost. Tko. Namen Politike [&hellip;]<\/p>\n","protected":false},"author":1,"featured_media":0,"parent":0,"menu_order":0,"comment_status":"closed","ping_status":"closed","template":"","meta":[],"_links":{"self":[{"href":"https:\/\/enotnost.si\/blagovnica\/wp-json\/wp\/v2\/pages\/61"}],"collection":[{"href":"https:\/\/enotnost.si\/blagovnica\/wp-json\/wp\/v2\/pages"}],"about":[{"href":"https:\/\/enotnost.si\/blagovnica\/wp-json\/wp\/v2\/types\/page"}],"author":[{"embeddable":true,"href":"https:\/\/enotnost.si\/blagovnica\/wp-json\/wp\/v2\/users\/1"}],"replies":[{"embeddable":true,"href":"https:\/\/enotnost.si\/blagovnica\/wp-json\/wp\/v2\/comments?post=61"}],"version-history":[{"count":1,"href":"https:\/\/enotnost.si\/blagovnica\/wp-json\/wp\/v2\/pages\/61\/revisions"}],"predecessor-version":[{"id":63,"href":"https:\/\/enotnost.si\/blagovnica\/wp-json\/wp\/v2\/pages\/61\/revisions\/63"}],"wp:attachment":[{"href":"https:\/\/enotnost.si\/blagovnica\/wp-json\/wp\/v2\/media?parent=61"}],"curies":[{"name":"wp","href":"https:\/\/api.w.org\/{rel}","templated":true}]}}