{"id":9,"date":"2021-09-13T12:13:27","date_gmt":"2021-09-13T10:13:27","guid":{"rendered":"https:\/\/enotnost.si\/blagovnica\/?page_id=9"},"modified":"2021-09-13T12:14:00","modified_gmt":"2021-09-13T10:14:00","slug":"vracilo_blaga","status":"publish","type":"page","link":"https:\/\/enotnost.si\/blagovnica\/vracilo_blaga\/","title":{"rendered":"Odstop od nakupa in vra\u010dilo blaga"},"content":{"rendered":"\n<p><h3>Pravica do odstopa<\/h3><\/p>\n\n\n\n<p>Kupec lahko, v skladu s 43. \u010dlenom zakona o varstvu potro\u0161nikov (ZVP), v 14 dneh od prejetja po\u0161iljke odstopi od nakupa in izdelek vrne brez obrazlo\u017eitve svojega dejanja. Rok za\u010dne te\u010di en dan po\u202fdatumu prevzema naro\u010denega blaga. Blago je potrebno vrniti prodajalcu po po\u0161ti, najkasneje v roku 14 dni od oddanega sporo\u010dila o odstopu od pogodbe (nakupa).<\/p>\n\n\n\n<p>V takem primeru se zavezujemo, da bomo v najkraj\u0161em mo\u017enem \u010dasu kupcu vrnili denar za prejeto pla\u010dilo. Prodajalec vrne prejeta pla\u010dila kupcu z enakim pla\u010dilnim sredstvom, kot ga je uporabil kupec ali kot dobropis oz. v obliki darilnih bonov, \u010de se s tem na\u010dinom potro\u0161nik izrecno strinja. Pri odstopu od pogodbe, kjer je bil kori\u0161\u010den\u202fbonus, koda za popust ali promocijska koda, se ta sredstva upo\u0161tevajo kot popust in\u202fse kupcu ne\u202fvrnejo &#8211; vrne se le vpla\u010dani znesek. Darilni bon\u202fse pri odstopu od pogodbe upo\u0161teva kot pla\u010dilno sredstvo in\u202fzato se znesek le-tega, v\u202fprimeru odstopa od\u202fpogodbe, vrne kupcu.<\/p>\n\n\n\n<p>Kupec nosi stro\u0161ek vra\u010dila blaga. Po\u0161iljk z odkupnino ne sprejemamo. Vrnjeno blago mora imeti vso pripadajo\u010do opremo, originalno embala\u017eo in dokumentacijo. Kupec odgovarja za zmanj\u0161anje vrednosti blaga, \u010de je zmanj\u0161anje vrednosti posledica njegovega ravnanja.<\/p>\n\n\n\n<p>Kupec nima pravice do odstopa od pogodbe:<\/p>\n\n\n\n<ul><li>za blago ali storitve, katerih cena je odvisna od nihanj na trgih, na katera podjetje nima vpliva in ki lahko nastopijo v roku odstopa od pogodbe;<\/li><\/ul>\n\n\n\n<ul><li>za blago, ki je izdelano po natan\u010dnih navodilih potro\u0161nika in prilagojeno njegovim osebnim potrebam;<\/li><\/ul>\n\n\n\n<p><\/p>\n\n\n\n<p>Obvestilo o odstopu lahko kupec izvede  z nedvoumno izjavo, iz katere jasno izhaja, da odstopa od pogodbe.\u202f\u0160teje se, da je kupec podal odstopno izjavo pravo\u010dasno, \u010de jo odda oz. po\u0161lje v roku, dolo\u010denem za odstop od pogodbe.\u202fDokazno breme glede uveljavljanja pravice do odstopa nosi kupec.<\/p>\n\n\n\n<p>Vra\u010dilo blaga se izvede po po\u0161ti ali po dogovoru.<\/p>\n\n\n\n<p><\/p>\n\n\n\n<p> <h2>Postopek vra\u010dila blaga<\/h2><\/p>\n\n\n\n<p>Na e-po\u0161tni naslov blagovnica afna enotnost pika si nam po\u0161ljite sporo\u010dilo, v katerem navajate blago, ki ga \u017eelite vrniti. Vse nadaljnje informacije glede na\u010dina vra\u010dila prejmete na va\u0161 e-po\u0161tni naslov.<\/p>\n","protected":false},"excerpt":{"rendered":"<p>Pravica do odstopa Kupec lahko, v skladu s 43. \u010dlenom zakona o varstvu potro\u0161nikov (ZVP), v 14 dneh od prejetja po\u0161iljke odstopi od nakupa in izdelek vrne brez obrazlo\u017eitve svojega [&hellip;]<\/p>\n","protected":false},"author":1,"featured_media":0,"parent":0,"menu_order":0,"comment_status":"closed","ping_status":"closed","template":"","meta":[],"_links":{"self":[{"href":"https:\/\/enotnost.si\/blagovnica\/wp-json\/wp\/v2\/pages\/9"}],"collection":[{"href":"https:\/\/enotnost.si\/blagovnica\/wp-json\/wp\/v2\/pages"}],"about":[{"href":"https:\/\/enotnost.si\/blagovnica\/wp-json\/wp\/v2\/types\/page"}],"author":[{"embeddable":true,"href":"https:\/\/enotnost.si\/blagovnica\/wp-json\/wp\/v2\/users\/1"}],"replies":[{"embeddable":true,"href":"https:\/\/enotnost.si\/blagovnica\/wp-json\/wp\/v2\/comments?post=9"}],"version-history":[{"count":1,"href":"https:\/\/enotnost.si\/blagovnica\/wp-json\/wp\/v2\/pages\/9\/revisions"}],"predecessor-version":[{"id":62,"href":"https:\/\/enotnost.si\/blagovnica\/wp-json\/wp\/v2\/pages\/9\/revisions\/62"}],"wp:attachment":[{"href":"https:\/\/enotnost.si\/blagovnica\/wp-json\/wp\/v2\/media?parent=9"}],"curies":[{"name":"wp","href":"https:\/\/api.w.org\/{rel}","templated":true}]}}